{"id":611,"date":"2021-01-07T04:19:44","date_gmt":"2021-01-07T04:19:44","guid":{"rendered":"https:\/\/farmaciavilarrubi.com.ar\/index.php\/research-and-development\/"},"modified":"2023-05-10T02:08:22","modified_gmt":"2023-05-10T02:08:22","slug":"formulas-magistrales","status":"publish","type":"page","link":"https:\/\/farmaciavilarrubi.com.ar\/index.php\/formulas-magistrales\/","title":{"rendered":"F\u00f3rmulas Magistrales"},"content":{"rendered":"\t\t<div data-elementor-type=\"wp-page\" data-elementor-id=\"611\" class=\"elementor elementor-611\" data-elementor-post-type=\"page\">\n\t\t\t\t\t\t<section class=\"elementor-section elementor-top-section elementor-element elementor-element-296a723 elementor-section-content-middle elementor-section-boxed elementor-section-height-default elementor-section-height-default\" data-id=\"296a723\" data-element_type=\"section\" data-e-type=\"section\" data-settings=\"{&quot;background_background&quot;:&quot;classic&quot;}\">\n\t\t\t\t\t\t<div class=\"elementor-container elementor-column-gap-no\">\n\t\t\t\t\t<div class=\"elementor-column elementor-col-100 elementor-top-column elementor-element elementor-element-3e75f71\" data-id=\"3e75f71\" data-element_type=\"column\" data-e-type=\"column\">\n\t\t\t<div class=\"elementor-widget-wrap elementor-element-populated\">\n\t\t\t\t\t\t<div class=\"elementor-element elementor-element-3f809e5 elementor-widget elementor-widget-heading\" data-id=\"3f809e5\" data-element_type=\"widget\" data-e-type=\"widget\" data-widget_type=\"heading.default\">\n\t\t\t\t<div class=\"elementor-widget-container\">\n\t\t\t\t\t<h1 class=\"elementor-heading-title elementor-size-default\">F\u00f3rmulas magistrales<\/h1>\t\t\t\t<\/div>\n\t\t\t\t<\/div>\n\t\t\t\t\t<\/div>\n\t\t<\/div>\n\t\t\t\t\t<\/div>\n\t\t<\/section>\n\t\t\t\t<section class=\"elementor-section elementor-top-section elementor-element elementor-element-704379c elementor-section-boxed elementor-section-height-default elementor-section-height-default\" data-id=\"704379c\" data-element_type=\"section\" data-e-type=\"section\">\n\t\t\t\t\t\t<div class=\"elementor-container elementor-column-gap-no\">\n\t\t\t\t\t<div class=\"elementor-column elementor-col-100 elementor-top-column elementor-element elementor-element-8e9a28b\" data-id=\"8e9a28b\" data-element_type=\"column\" data-e-type=\"column\">\n\t\t\t<div class=\"elementor-widget-wrap elementor-element-populated\">\n\t\t\t\t\t\t<section class=\"elementor-section elementor-inner-section elementor-element elementor-element-373266a elementor-section-boxed elementor-section-height-default elementor-section-height-default\" data-id=\"373266a\" data-element_type=\"section\" data-e-type=\"section\">\n\t\t\t\t\t\t<div class=\"elementor-container elementor-column-gap-no\">\n\t\t\t\t\t<div class=\"elementor-column elementor-col-50 elementor-inner-column elementor-element elementor-element-66fd9d2\" data-id=\"66fd9d2\" data-element_type=\"column\" data-e-type=\"column\">\n\t\t\t<div class=\"elementor-widget-wrap elementor-element-populated\">\n\t\t\t\t\t\t<div class=\"elementor-element elementor-element-f1fbc53 elementor-widget elementor-widget-image\" data-id=\"f1fbc53\" data-element_type=\"widget\" data-e-type=\"widget\" data-widget_type=\"image.default\">\n\t\t\t\t<div class=\"elementor-widget-container\">\n\t\t\t\t\t\t\t\t\t\t\t\t\t\t\t<img fetchpriority=\"high\" decoding=\"async\" width=\"1024\" height=\"931\" src=\"https:\/\/farmaciavilarrubi.com.ar\/wp-content\/uploads\/2023\/04\/Formula-Magistral-1024x931.jpg\" class=\"attachment-large size-large wp-image-1314\" alt=\"Preparados magistrales, formulaci\u00f3n magistral, preparaci\u00f3n magistral, Oft\u00e1lmicos, magistrales oft\u00e1lmicos, formulaciones oft\u00e1lmicas, colirios fortificados, est\u00e9riles, formulaciones est\u00e9riles, dermocosm\u00e9tica, preparados dermatol\u00f3gicos\" srcset=\"https:\/\/farmaciavilarrubi.com.ar\/wp-content\/uploads\/2023\/04\/Formula-Magistral-1024x931.jpg 1024w, https:\/\/farmaciavilarrubi.com.ar\/wp-content\/uploads\/2023\/04\/Formula-Magistral-300x273.jpg 300w, https:\/\/farmaciavilarrubi.com.ar\/wp-content\/uploads\/2023\/04\/Formula-Magistral-768x698.jpg 768w, https:\/\/farmaciavilarrubi.com.ar\/wp-content\/uploads\/2023\/04\/Formula-Magistral-1536x1396.jpg 1536w, https:\/\/farmaciavilarrubi.com.ar\/wp-content\/uploads\/2023\/04\/Formula-Magistral-2048x1862.jpg 2048w\" sizes=\"(max-width: 1024px) 100vw, 1024px\" \/>\t\t\t\t\t\t\t\t\t\t\t\t\t\t\t<\/div>\n\t\t\t\t<\/div>\n\t\t\t\t\t<\/div>\n\t\t<\/div>\n\t\t\t\t<div class=\"elementor-column elementor-col-50 elementor-inner-column elementor-element elementor-element-338b6cc\" data-id=\"338b6cc\" data-element_type=\"column\" data-e-type=\"column\">\n\t\t\t<div class=\"elementor-widget-wrap elementor-element-populated\">\n\t\t\t\t\t\t<div class=\"elementor-element elementor-element-e822ea2 elementor-widget elementor-widget-heading\" data-id=\"e822ea2\" data-element_type=\"widget\" data-e-type=\"widget\" data-widget_type=\"heading.default\">\n\t\t\t\t<div class=\"elementor-widget-container\">\n\t\t\t\t\t<h2 class=\"elementor-heading-title elementor-size-default\">Medicamento Magistral<\/h2>\t\t\t\t<\/div>\n\t\t\t\t<\/div>\n\t\t\t\t<div class=\"elementor-element elementor-element-9b1158c elementor-widget elementor-widget-text-editor\" data-id=\"9b1158c\" data-element_type=\"widget\" data-e-type=\"widget\" data-widget_type=\"text-editor.default\">\n\t\t\t\t<div class=\"elementor-widget-container\">\n\t\t\t\t\t\t\t\t\t<p>Es todo medicamento prescripto en una receta magistral para un paciente individualizado, posteriormente preparado, envasado y rotulado por un farmac\u00e9utico en el laboratorio de su farmacia y dispensado en la misma.<br \/>La Formulaci\u00f3n Magistral permite individualizar el tratamiento, de esta manera el medicamento se adapta al paciente y a sus necesidades fisiopatol\u00f3gicas particulares, lo que aporta valiosas herramientas terap\u00e9uticas como:<\/p>\t\t\t\t\t\t\t\t<\/div>\n\t\t\t\t<\/div>\n\t\t\t\t<div class=\"elementor-element elementor-element-a302a1b elementor-icon-list--layout-traditional elementor-list-item-link-full_width elementor-widget elementor-widget-icon-list\" data-id=\"a302a1b\" data-element_type=\"widget\" data-e-type=\"widget\" data-widget_type=\"icon-list.default\">\n\t\t\t\t<div class=\"elementor-widget-container\">\n\t\t\t\t\t\t\t<ul class=\"elementor-icon-list-items\">\n\t\t\t\t\t\t\t<li class=\"elementor-icon-list-item\">\n\t\t\t\t\t\t\t\t\t\t\t<span class=\"elementor-icon-list-icon\">\n\t\t\t\t\t\t\t<i aria-hidden=\"true\" class=\"fas fa-circle\"><\/i>\t\t\t\t\t\t<\/span>\n\t\t\t\t\t\t\t\t\t\t<span class=\"elementor-icon-list-text\">La adaptaci\u00f3n precisa de las dosis<\/span>\n\t\t\t\t\t\t\t\t\t<\/li>\n\t\t\t\t\t\t\t\t<li class=\"elementor-icon-list-item\">\n\t\t\t\t\t\t\t\t\t\t\t<span class=\"elementor-icon-list-icon\">\n\t\t\t\t\t\t\t<i aria-hidden=\"true\" class=\"fas fa-circle\"><\/i>\t\t\t\t\t\t<\/span>\n\t\t\t\t\t\t\t\t\t\t<span class=\"elementor-icon-list-text\">El dise\u00f1o individualizado del veh\u00edculo<\/span>\n\t\t\t\t\t\t\t\t\t<\/li>\n\t\t\t\t\t\t\t\t<li class=\"elementor-icon-list-item\">\n\t\t\t\t\t\t\t\t\t\t\t<span class=\"elementor-icon-list-icon\">\n\t\t\t\t\t\t\t<i aria-hidden=\"true\" class=\"fas fa-circle\"><\/i>\t\t\t\t\t\t<\/span>\n\t\t\t\t\t\t\t\t\t\t<span class=\"elementor-icon-list-text\">Forma farmac\u00e9utica que mejor se ajuste a las necesidades del paciente<\/span>\n\t\t\t\t\t\t\t\t\t<\/li>\n\t\t\t\t\t\t\t\t<li class=\"elementor-icon-list-item\">\n\t\t\t\t\t\t\t\t\t\t\t<span class=\"elementor-icon-list-icon\">\n\t\t\t\t\t\t\t<i aria-hidden=\"true\" class=\"fas fa-circle\"><\/i>\t\t\t\t\t\t<\/span>\n\t\t\t\t\t\t\t\t\t\t<span class=\"elementor-icon-list-text\">Evitar la incorporaci\u00f3n de determinados excipientes que puedan generar alergias o intolerancia<\/span>\n\t\t\t\t\t\t\t\t\t<\/li>\n\t\t\t\t\t\t\t\t<li class=\"elementor-icon-list-item\">\n\t\t\t\t\t\t\t\t\t\t\t<span class=\"elementor-icon-list-icon\">\n\t\t\t\t\t\t\t<i aria-hidden=\"true\" class=\"fas fa-circle\"><\/i>\t\t\t\t\t\t<\/span>\n\t\t\t\t\t\t\t\t\t\t<span class=\"elementor-icon-list-text\">Flexibilidad en el tratamiento. <\/span>\n\t\t\t\t\t\t\t\t\t<\/li>\n\t\t\t\t\t\t<\/ul>\n\t\t\t\t\t\t<\/div>\n\t\t\t\t<\/div>\n\t\t\t\t\t<\/div>\n\t\t<\/div>\n\t\t\t\t\t<\/div>\n\t\t<\/section>\n\t\t\t\t<div class=\"elementor-element elementor-element-19a4dc5 elementor-widget elementor-widget-text-editor\" data-id=\"19a4dc5\" data-element_type=\"widget\" data-e-type=\"widget\" data-widget_type=\"text-editor.default\">\n\t\t\t\t<div class=\"elementor-widget-container\">\n\t\t\t\t\t\t\t\t\t<p>Los tratamientos se caracterizan por la participaci\u00f3n multidisciplinaria entre m\u00e9dico, farmac\u00e9utico y paciente, esta interacci\u00f3n se basa en la necesidad y derecho del paciente a una atenci\u00f3n sanitaria particular, pues muchos de ellos son considerados \u00abcasos \u00fanicos\u00bb.<br \/>Es importante resaltar que este tipo de medicamentos se preparan con ingredientes farmac\u00e9uticos activos de calidad certificada, siguiendo las normas de correcta elaboraci\u00f3n y control de calidad establecidas al efecto y seg\u00fan las directrices de la legislaci\u00f3n vigente.<\/p>\t\t\t\t\t\t\t\t<\/div>\n\t\t\t\t<\/div>\n\t\t\t\t\t<\/div>\n\t\t<\/div>\n\t\t\t\t\t<\/div>\n\t\t<\/section>\n\t\t<div class=\"elementor-element elementor-element-0e1b755 e-flex e-con-boxed e-con e-parent\" data-id=\"0e1b755\" data-element_type=\"container\" data-e-type=\"container\">\n\t\t\t\t\t<div class=\"e-con-inner\">\n\t\t<div class=\"elementor-element elementor-element-09f3489 e-con-full e-flex e-con e-parent\" data-id=\"09f3489\" data-element_type=\"container\" data-e-type=\"container\">\n\t\t\t\t<div class=\"elementor-element elementor-element-f6afefa elementor-widget-mobile__width-initial elementor-widget elementor-widget-heading\" data-id=\"f6afefa\" data-element_type=\"widget\" data-e-type=\"widget\" data-widget_type=\"heading.default\">\n\t\t\t\t<div class=\"elementor-widget-container\">\n\t\t\t\t\t<h2 class=\"elementor-heading-title elementor-size-default\">Instalaciones y Equipamiento<\/h2>\t\t\t\t<\/div>\n\t\t\t\t<\/div>\n\t\t\t\t<div class=\"elementor-element elementor-element-66c8c15 elementor-widget elementor-widget-text-editor\" data-id=\"66c8c15\" data-element_type=\"widget\" data-e-type=\"widget\" data-widget_type=\"text-editor.default\">\n\t\t\t\t<div class=\"elementor-widget-container\">\n\t\t\t\t\t\t\t\t\t<p>Las instalaciones de nuestro laboratorio est\u00e1n divididas en \u00e1reas diferenciadas de producci\u00f3n seg\u00fan el tipo de preparado a elaborar. <br \/><strong>Laboratorio para formulaciones no est\u00e9riles:<\/strong> <br \/>\u2981 capsulas y polvos <br \/>\u2981 cremas, geles, ung\u00fcentos y pastas<br \/>\u2981 suspensiones, emulsiones y soluciones (orales y t\u00f3picas)<br \/>\u2981 supositorio y \u00f3vulos<br \/>Cumple con las dimensiones y requerimientos legales vigentes: Gu\u00eda de BP 379-2015, Ley 8302 y Farmacopea Argentina Ed.7. <br \/>El equipamiento necesario para cada formulaci\u00f3n est\u00e1 calibrado y certificado, asegurando as\u00ed la calidad en todo el proceso.<\/p><p><strong>Laboratorio para formulaciones est\u00e9riles:<\/strong> <br \/>\u2981 Inyectables<br \/>\u2981 Oft\u00e1lmicos intraoculares y t\u00f3picas<br \/>Dise\u00f1ado seg\u00fan disposici\u00f3n de ANMAT N\u00ba 3602\/2018, que establece los requerimientos especiales en las instalaciones para preparados est\u00e9riles. Las \u201csalas blancas\u201d donde se fabrican nuestros productos est\u00e9riles cumplen con estrictos controles basados en los est\u00e1ndares de la norma ISO 14644-1: 2015.<br \/>El equipamiento de estas salas incluye dispositivos espec\u00edficos que aseguran la esterilidad del aire y la presi\u00f3n positiva entre los ambientes. Los filtros utilizados tienen alta eficiencia en la retenci\u00f3n de part\u00edculas.<br \/><strong>Es importante destacar que las calidades del aire en el interior de las \u201csalas blancas\u201d son certificados y validados peri\u00f3dicamente por la empresa IN SER.<\/strong><\/p>\t\t\t\t\t\t\t\t<\/div>\n\t\t\t\t<\/div>\n\t\t\t\t<\/div>\n\t\t<div class=\"elementor-element elementor-element-249be44 e-con-full e-flex e-con e-parent\" data-id=\"249be44\" data-element_type=\"container\" data-e-type=\"container\">\n\t\t\t\t<div class=\"elementor-element elementor-element-cf59661 elementor-widget elementor-widget-image\" data-id=\"cf59661\" data-element_type=\"widget\" data-e-type=\"widget\" data-widget_type=\"image.default\">\n\t\t\t\t<div class=\"elementor-widget-container\">\n\t\t\t\t\t\t\t\t\t\t\t\t\t\t\t<img decoding=\"async\" width=\"253\" height=\"364\" src=\"https:\/\/farmaciavilarrubi.com.ar\/wp-content\/uploads\/2023\/05\/02-1.png\" class=\"attachment-large size-large wp-image-1567\" alt=\"Preparados magistrales, formulaci\u00f3n magistral, preparaci\u00f3n magistral, Oft\u00e1lmicos, magistrales oft\u00e1lmicos, formulaciones oft\u00e1lmicas, colirios fortificados, est\u00e9riles, formulaciones est\u00e9riles, dermocosm\u00e9tica, preparados dermatol\u00f3gicos\" srcset=\"https:\/\/farmaciavilarrubi.com.ar\/wp-content\/uploads\/2023\/05\/02-1.png 253w, https:\/\/farmaciavilarrubi.com.ar\/wp-content\/uploads\/2023\/05\/02-1-209x300.png 209w\" sizes=\"(max-width: 253px) 100vw, 253px\" \/>\t\t\t\t\t\t\t\t\t\t\t\t\t\t\t<\/div>\n\t\t\t\t<\/div>\n\t\t\t\t<\/div>\n\t\t\t\t\t<\/div>\n\t\t\t\t<\/div>\n\t\t<div class=\"elementor-element elementor-element-34c0b16 e-flex e-con-boxed e-con e-parent\" data-id=\"34c0b16\" data-element_type=\"container\" data-e-type=\"container\">\n\t\t\t\t\t<div class=\"e-con-inner\">\n\t\t\t\t<div class=\"elementor-element elementor-element-5d23c8f elementor-skin-carousel elementor-arrows-yes elementor-pagination-type-bullets elementor-pagination-position-outside elementor-widget elementor-widget-media-carousel\" data-id=\"5d23c8f\" data-element_type=\"widget\" data-e-type=\"widget\" data-settings=\"{&quot;skin&quot;:&quot;carousel&quot;,&quot;effect&quot;:&quot;slide&quot;,&quot;show_arrows&quot;:&quot;yes&quot;,&quot;pagination&quot;:&quot;bullets&quot;,&quot;speed&quot;:500,&quot;autoplay&quot;:&quot;yes&quot;,&quot;autoplay_speed&quot;:5000,&quot;loop&quot;:&quot;yes&quot;,&quot;pause_on_hover&quot;:&quot;yes&quot;,&quot;pause_on_interaction&quot;:&quot;yes&quot;,&quot;space_between&quot;:{&quot;unit&quot;:&quot;px&quot;,&quot;size&quot;:10,&quot;sizes&quot;:[]},&quot;space_between_tablet&quot;:{&quot;unit&quot;:&quot;px&quot;,&quot;size&quot;:10,&quot;sizes&quot;:[]},&quot;space_between_mobile&quot;:{&quot;unit&quot;:&quot;px&quot;,&quot;size&quot;:10,&quot;sizes&quot;:[]}}\" data-widget_type=\"media-carousel.default\">\n\t\t\t\t<div class=\"elementor-widget-container\">\n\t\t\t\t\t\t\t\t\t<div class=\"elementor-swiper\">\n\t\t\t\t\t<div class=\"elementor-main-swiper swiper\" role=\"region\" aria-roledescription=\"carousel\" aria-label=\"Slides\">\n\t\t\t\t<div class=\"swiper-wrapper\">\n\t\t\t\t\t\t\t\t\t\t\t<div class=\"swiper-slide\" role=\"group\" aria-roledescription=\"slide\">\n\t\t\t\t\t\t\t\t\t<div class=\"elementor-carousel-image\" role=\"img\" aria-label=\"Preparados magistrales, formulaci\u00f3n magistral, preparaci\u00f3n magistral, Oft\u00e1lmicos, magistrales oft\u00e1lmicos, formulaciones oft\u00e1lmicas, colirios fortificados, est\u00e9riles, formulaciones est\u00e9riles, dermocosm\u00e9tica, preparados dermatol\u00f3gicos\" style=\"background-image: url(&#039;https:\/\/farmaciavilarrubi.com.ar\/wp-content\/uploads\/2023\/05\/04.png&#039;)\">\n\n\t\t\t\n\t\t\t\t\t<\/div>\n\t\t\t\t\t\t\t\t<\/div>\n\t\t\t\t\t\t\t\t\t\t\t<div class=\"swiper-slide\" role=\"group\" aria-roledescription=\"slide\">\n\t\t\t\t\t\t\t\t\t<div class=\"elementor-carousel-image\" role=\"img\" aria-label=\"Preparados magistrales, formulaci\u00f3n magistral, preparaci\u00f3n magistral, Oft\u00e1lmicos, magistrales oft\u00e1lmicos, formulaciones oft\u00e1lmicas, colirios fortificados, est\u00e9riles, formulaciones est\u00e9riles, dermocosm\u00e9tica, preparados dermatol\u00f3gicos\" style=\"background-image: url(&#039;https:\/\/farmaciavilarrubi.com.ar\/wp-content\/uploads\/2023\/05\/03-1.png&#039;)\">\n\n\t\t\t\n\t\t\t\t\t<\/div>\n\t\t\t\t\t\t\t\t<\/div>\n\t\t\t\t\t\t\t\t\t\t\t<div class=\"swiper-slide\" role=\"group\" aria-roledescription=\"slide\">\n\t\t\t\t\t\t\t\t\t<div class=\"elementor-carousel-image\" role=\"img\" aria-label=\"Preparados magistrales, formulaci\u00f3n magistral, preparaci\u00f3n magistral, Oft\u00e1lmicos, magistrales oft\u00e1lmicos, formulaciones oft\u00e1lmicas, colirios fortificados, est\u00e9riles, formulaciones est\u00e9riles, dermocosm\u00e9tica, preparados dermatol\u00f3gicos\" style=\"background-image: url(&#039;https:\/\/farmaciavilarrubi.com.ar\/wp-content\/uploads\/2023\/05\/02-1.png&#039;)\">\n\n\t\t\t\n\t\t\t\t\t<\/div>\n\t\t\t\t\t\t\t\t<\/div>\n\t\t\t\t\t\t\t\t\t\t\t<div class=\"swiper-slide\" role=\"group\" aria-roledescription=\"slide\">\n\t\t\t\t\t\t\t\t\t<div class=\"elementor-carousel-image\" role=\"img\" aria-label=\"Preparados magistrales, formulaci\u00f3n magistral, preparaci\u00f3n magistral, Oft\u00e1lmicos, magistrales oft\u00e1lmicos, formulaciones oft\u00e1lmicas, colirios fortificados, est\u00e9riles, formulaciones est\u00e9riles, dermocosm\u00e9tica, preparados dermatol\u00f3gicos\" style=\"background-image: url(&#039;https:\/\/farmaciavilarrubi.com.ar\/wp-content\/uploads\/2023\/05\/01.png&#039;)\">\n\n\t\t\t\n\t\t\t\t\t<\/div>\n\t\t\t\t\t\t\t\t<\/div>\n\t\t\t\t\t\t\t\t\t\t\t<div class=\"swiper-slide\" role=\"group\" aria-roledescription=\"slide\">\n\t\t\t\t\t\t\t\t\t<div class=\"elementor-carousel-image\" role=\"img\" aria-label=\"Preparados magistrales, formulaci\u00f3n magistral, preparaci\u00f3n magistral, Oft\u00e1lmicos, magistrales oft\u00e1lmicos, formulaciones oft\u00e1lmicas, colirios fortificados, est\u00e9riles, formulaciones est\u00e9riles, dermocosm\u00e9tica, preparados dermatol\u00f3gicos\" style=\"background-image: url(&#039;https:\/\/farmaciavilarrubi.com.ar\/wp-content\/uploads\/2023\/05\/05.png&#039;)\">\n\n\t\t\t\n\t\t\t\t\t<\/div>\n\t\t\t\t\t\t\t\t<\/div>\n\t\t\t\t\t\t\t\t\t<\/div>\n\t\t\t\t\t\t\t\t\t\t\t\t\t\t\t<div class=\"elementor-swiper-button elementor-swiper-button-prev\" role=\"button\" tabindex=\"0\" aria-label=\"Previous\">\n\t\t\t\t\t\t\t<i aria-hidden=\"true\" class=\"eicon-chevron-left\"><\/i>\t\t\t\t\t\t<\/div>\n\t\t\t\t\t\t<div class=\"elementor-swiper-button elementor-swiper-button-next\" role=\"button\" tabindex=\"0\" aria-label=\"Next\">\n\t\t\t\t\t\t\t<i aria-hidden=\"true\" class=\"eicon-chevron-right\"><\/i>\t\t\t\t\t\t<\/div>\n\t\t\t\t\t\t\t\t\t\t\t\t\t\t\t\t<div class=\"swiper-pagination\"><\/div>\n\t\t\t\t\t\t\t\t\t\t\t\t<\/div>\n\t\t\t\t<\/div>\n\t\t\t\t\t\t\t\t<\/div>\n\t\t\t\t<\/div>\n\t\t\t\t\t<\/div>\n\t\t\t\t<\/div>\n\t\t\t\t<\/div>\n\t\t","protected":false},"excerpt":{"rendered":"<p>F\u00f3rmulas magistrales Medicamento Magistral Es todo medicamento prescripto en una receta magistral para un paciente individualizado, posteriormente preparado, envasado y rotulado por un farmac\u00e9utico en el laboratorio de su farmacia y dispensado en la misma.La Formulaci\u00f3n Magistral permite individualizar el tratamiento, de esta manera el medicamento se adapta al paciente y a sus necesidades fisiopatol\u00f3gicas [&hellip;]<\/p>\n","protected":false},"author":1,"featured_media":0,"parent":0,"menu_order":0,"comment_status":"closed","ping_status":"closed","template":"","meta":{"site-sidebar-layout":"no-sidebar","site-content-layout":"page-builder","ast-site-content-layout":"default","site-content-style":"default","site-sidebar-style":"default","ast-global-header-display":"","ast-banner-title-visibility":"","ast-main-header-display":"","ast-hfb-above-header-display":"","ast-hfb-below-header-display":"","ast-hfb-mobile-header-display":"","site-post-title":"disabled","ast-breadcrumbs-content":"","ast-featured-img":"disabled","footer-sml-layout":"","ast-disable-related-posts":"","theme-transparent-header-meta":"enabled","adv-header-id-meta":"","stick-header-meta":"","header-above-stick-meta":"","header-main-stick-meta":"","header-below-stick-meta":"","astra-migrate-meta-layouts":"default","ast-page-background-enabled":"default","ast-page-background-meta":{"desktop":{"background-color":"var(--ast-global-color-4)","background-image":"","background-repeat":"repeat","background-position":"center center","background-size":"auto","background-attachment":"scroll","background-type":"","background-media":"","overlay-type":"","overlay-color":"","overlay-opacity":"","overlay-gradient":""},"tablet":{"background-color":"","background-image":"","background-repeat":"repeat","background-position":"center center","background-size":"auto","background-attachment":"scroll","background-type":"","background-media":"","overlay-type":"","overlay-color":"","overlay-opacity":"","overlay-gradient":""},"mobile":{"background-color":"","background-image":"","background-repeat":"repeat","background-position":"center center","background-size":"auto","background-attachment":"scroll","background-type":"","background-media":"","overlay-type":"","overlay-color":"","overlay-opacity":"","overlay-gradient":""}},"ast-content-background-meta":{"desktop":{"background-color":"var(--ast-global-color-5)","background-image":"","background-repeat":"repeat","background-position":"center center","background-size":"auto","background-attachment":"scroll","background-type":"","background-media":"","overlay-type":"","overlay-color":"","overlay-opacity":"","overlay-gradient":""},"tablet":{"background-color":"var(--ast-global-color-5)","background-image":"","background-repeat":"repeat","background-position":"center center","background-size":"auto","background-attachment":"scroll","background-type":"","background-media":"","overlay-type":"","overlay-color":"","overlay-opacity":"","overlay-gradient":""},"mobile":{"background-color":"var(--ast-global-color-5)","background-image":"","background-repeat":"repeat","background-position":"center center","background-size":"auto","background-attachment":"scroll","background-type":"","background-media":"","overlay-type":"","overlay-color":"","overlay-opacity":"","overlay-gradient":""}},"_joinchat":[],"footnotes":""},"class_list":["post-611","page","type-page","status-publish","hentry"],"_links":{"self":[{"href":"https:\/\/farmaciavilarrubi.com.ar\/index.php\/wp-json\/wp\/v2\/pages\/611","targetHints":{"allow":["GET"]}}],"collection":[{"href":"https:\/\/farmaciavilarrubi.com.ar\/index.php\/wp-json\/wp\/v2\/pages"}],"about":[{"href":"https:\/\/farmaciavilarrubi.com.ar\/index.php\/wp-json\/wp\/v2\/types\/page"}],"author":[{"embeddable":true,"href":"https:\/\/farmaciavilarrubi.com.ar\/index.php\/wp-json\/wp\/v2\/users\/1"}],"replies":[{"embeddable":true,"href":"https:\/\/farmaciavilarrubi.com.ar\/index.php\/wp-json\/wp\/v2\/comments?post=611"}],"version-history":[{"count":119,"href":"https:\/\/farmaciavilarrubi.com.ar\/index.php\/wp-json\/wp\/v2\/pages\/611\/revisions"}],"predecessor-version":[{"id":1730,"href":"https:\/\/farmaciavilarrubi.com.ar\/index.php\/wp-json\/wp\/v2\/pages\/611\/revisions\/1730"}],"wp:attachment":[{"href":"https:\/\/farmaciavilarrubi.com.ar\/index.php\/wp-json\/wp\/v2\/media?parent=611"}],"curies":[{"name":"wp","href":"https:\/\/api.w.org\/{rel}","templated":true}]}}